{"id":687,"date":"2018-08-12T21:05:23","date_gmt":"2018-08-12T19:05:23","guid":{"rendered":"https:\/\/www.feuerwehr-buchschlag.de\/?page_id=687"},"modified":"2018-10-15T14:17:20","modified_gmt":"2018-10-15T12:17:20","slug":"impressum","status":"publish","type":"page","link":"https:\/\/www.feuerwehr-buchschlag.de\/?page_id=687","title":{"rendered":"Impressum"},"content":{"rendered":"\t\t<div data-elementor-type=\"wp-post\" data-elementor-id=\"687\" class=\"elementor elementor-687 elementor-bc-flex-widget\">\n\t\t\t\t\t\t<section class=\"elementor-section elementor-top-section elementor-element elementor-element-7ea4e46 elementor-section-boxed elementor-section-height-default elementor-section-height-default\" data-id=\"7ea4e46\" data-element_type=\"section\" data-e-type=\"section\" data-settings=\"{&quot;background_background&quot;:&quot;classic&quot;}\">\n\t\t\t\t\t\t<div class=\"elementor-container elementor-column-gap-default\">\n\t\t\t\t\t<div class=\"elementor-column elementor-col-100 elementor-top-column elementor-element elementor-element-ac616a6\" data-id=\"ac616a6\" data-element_type=\"column\" data-e-type=\"column\">\n\t\t\t<div class=\"elementor-widget-wrap elementor-element-populated\">\n\t\t\t\t\t\t<div class=\"elementor-element elementor-element-54f800f elementor-widget elementor-widget-text-editor\" data-id=\"54f800f\" data-element_type=\"widget\" data-e-type=\"widget\" data-widget_type=\"text-editor.default\">\n\t\t\t\t<div class=\"elementor-widget-container\">\n\t\t\t\t\t\t\t\t\t<div class=\"ui--tabs ui--tabs-mini ui--tabs-mini-horizontal clearfix text-left ui--done\" style=\"text-rendering: optimizeLegibility; position: relative; margin-bottom: 30px; color: #333333; font-family: Helvetica, Arial, sans-serif; font-size: 14px; font-style: normal; font-variant-ligatures: normal; font-variant-caps: normal; font-weight: 400; -webkit-font-smoothing: antialiased !important; filter: none !important;\"><ul class=\"ui--tabs-contents text-left clearfix\" style=\"margin-top: 30px; margin-bottom: 0px; margin-left: 0px; text-rendering: optimizeLegibility; list-style: none none; position: relative; z-index: 1; -webkit-font-smoothing: antialiased !important; filter: none !important;\"><li class=\"first-item active\" style=\"line-height: 20px; text-rendering: optimizeLegibility; -webkit-font-smoothing: antialiased !important; filter: none !important;\"><div class=\"auto-format ui--animation\" style=\"text-rendering: optimizeLegibility; -webkit-font-smoothing: antialiased !important; filter: none !important;\"><p style=\"margin-bottom: 18px; text-rendering: optimizeLegibility; -webkit-font-smoothing: antialiased !important; filter: none !important;\"><strong style=\"text-rendering: optimizeLegibility; -webkit-font-smoothing: antialiased !important; filter: none !important;\">Impressum f\u00fcr den Bereich B\u00fcrgerinfo<\/strong><\/p><p style=\"margin-bottom: 18px; text-rendering: optimizeLegibility; -webkit-font-smoothing: antialiased !important; filter: none !important;\"><strong style=\"text-rendering: optimizeLegibility; -webkit-font-smoothing: antialiased !important; filter: none !important;\">Inhaltlich Verantwortlicher:<\/strong><br style=\"text-rendering: optimizeLegibility; -webkit-font-smoothing: antialiased !important; filter: none !important;\" \/>Freiwillige Feuerwehr Dreieich-Buchschlag<\/p><p style=\"margin-bottom: 18px; text-rendering: optimizeLegibility; -webkit-font-smoothing: antialiased !important; filter: none !important;\"><strong style=\"text-rendering: optimizeLegibility; -webkit-font-smoothing: antialiased !important; filter: none !important;\">Anschrift:<\/strong><br style=\"text-rendering: optimizeLegibility; -webkit-font-smoothing: antialiased !important; filter: none !important;\" \/>Buchweg 6<br style=\"text-rendering: optimizeLegibility; -webkit-font-smoothing: antialiased !important; filter: none !important;\" \/>63303 Dreieich<\/p><p style=\"margin-bottom: 18px; text-rendering: optimizeLegibility; -webkit-font-smoothing: antialiased !important; filter: none !important;\"><strong style=\"text-rendering: optimizeLegibility; -webkit-font-smoothing: antialiased !important; filter: none !important;\">Telefon:<\/strong>\u00a00049 6103 602478<\/p><p style=\"margin-bottom: 18px; text-rendering: optimizeLegibility; -webkit-font-smoothing: antialiased !important; filter: none !important;\"><strong style=\"text-rendering: optimizeLegibility; -webkit-font-smoothing: antialiased !important; filter: none !important;\">Vertretungsberechtigter:<\/strong><br style=\"text-rendering: optimizeLegibility; -webkit-font-smoothing: antialiased !important; filter: none !important;\" \/>Bernd Brunsch (Vereinsvorsitzender)<\/p><p style=\"margin-bottom: 18px; text-rendering: optimizeLegibility; -webkit-font-smoothing: antialiased !important; filter: none !important;\">Anbieterkennzeichnung nach dem Staatsvertrag \u00fcber Mediendienste (Mediendienste-Staatsvertrag \u2013 MStDV)<\/p><p style=\"margin-bottom: 18px; text-rendering: optimizeLegibility; -webkit-font-smoothing: antialiased !important; filter: none !important;\"><strong style=\"text-rendering: optimizeLegibility; -webkit-font-smoothing: antialiased !important; filter: none !important;\">Inhaltlich Verantwortlicher gem\u00e4\u00df \u00a7 6 MDStV :<\/strong><br style=\"text-rendering: optimizeLegibility; -webkit-font-smoothing: antialiased !important; filter: none !important;\" \/>Markus Goll (Stellv. Wehrf\u00fchrer), Franziska Mogwitz (Webmaster)<\/p><p style=\"margin-bottom: 18px; text-rendering: optimizeLegibility; -webkit-font-smoothing: antialiased !important; filter: none !important;\"><strong style=\"text-rendering: optimizeLegibility; -webkit-font-smoothing: antialiased !important; filter: none !important;\">Haftungshinweis:<\/strong>\u00a0Trotz sorgf\u00e4ltiger inhaltlicher Kontrolle \u00fcbernehmen wir keine Haftung f\u00fcr die Inhalte externer Links. F\u00fcr den Inhalt der verlinkten Seiten sind ausschlie\u00dflich deren Betreiber verantwortlich.<\/p><\/div><\/li><li class=\"hidden\" style=\"line-height: 20px; text-rendering: optimizeLegibility; -webkit-font-smoothing: antialiased !important; filter: none !important; display: block !important; visibility: hidden; position: absolute; top: -99999px; width: 1170px;\"><div class=\"auto-format ui--animation\" style=\"text-rendering: optimizeLegibility; -webkit-font-smoothing: antialiased !important; filter: none !important;\"><p style=\"margin-bottom: 18px; text-rendering: optimizeLegibility; -webkit-font-smoothing: antialiased !important; filter: none !important;\">\u00a0<\/p><p style=\"margin-bottom: 18px; text-rendering: optimizeLegibility; -webkit-font-smoothing: antialiased !important; filter: none !important;\">\u00a0<\/p><p style=\"margin-bottom: 18px; text-rendering: optimizeLegibility; -webkit-font-smoothing: antialiased !important; filter: none !important;\"><br style=\"text-rendering: optimizeLegibility; -webkit-font-smoothing: antialiased !important; filter: none !important;\" \/><br style=\"text-rendering: optimizeLegibility; -webkit-font-smoothing: antialiased !important; filter: none !important;\" \/><br style=\"text-rendering: optimizeLegibility; -webkit-font-smoothing: antialiased !important; filter: none !important;\" \/><\/p><p style=\"margin-bottom: 18px; text-rendering: optimizeLegibility; -webkit-font-smoothing: antialiased !important; filter: none !important;\">\u00a0<\/p><p style=\"margin-bottom: 18px; text-rendering: optimizeLegibility; -webkit-font-smoothing: antialiased !important; filter: none !important;\"><br style=\"text-rendering: optimizeLegibility; -webkit-font-smoothing: antialiased !important; filter: none !important;\" \/><br style=\"text-rendering: optimizeLegibility; -webkit-font-smoothing: antialiased !important; filter: none !important;\" \/><br style=\"text-rendering: optimizeLegibility; -webkit-font-smoothing: antialiased !important; filter: none !important;\" \/><br style=\"text-rendering: optimizeLegibility; -webkit-font-smoothing: antialiased !important; filter: none !important;\" \/><br style=\"text-rendering: optimizeLegibility; -webkit-font-smoothing: antialiased !important; filter: none !important;\" \/><br style=\"text-rendering: optimizeLegibility; -webkit-font-smoothing: antialiased !important; filter: none !important;\" \/><\/p><p style=\"margin-bottom: 18px; text-rendering: optimizeLegibility; -webkit-font-smoothing: antialiased !important; filter: none !important;\">\u00a0<\/p><p style=\"margin-bottom: 18px; text-rendering: optimizeLegibility; -webkit-font-smoothing: antialiased !important; filter: none !important;\">\u00a0<\/p><p style=\"margin-bottom: 18px; text-rendering: optimizeLegibility; -webkit-font-smoothing: antialiased !important; filter: none !important;\">\u00a0<\/p><\/div><\/li><li class=\"hidden last-item\" style=\"line-height: 20px; text-rendering: optimizeLegibility; -webkit-font-smoothing: antialiased !important; filter: none !important; display: block !important; visibility: hidden; position: absolute; top: -99999px; width: 1170px;\"><div class=\"auto-format ui--animation\" style=\"text-rendering: optimizeLegibility; -webkit-font-smoothing: antialiased !important; filter: none !important;\"><p style=\"margin-bottom: 18px; text-rendering: optimizeLegibility; -webkit-font-smoothing: antialiased !important; filter: none !important;\">\u00a0<\/p><p style=\"margin-bottom: 18px; text-rendering: optimizeLegibility; -webkit-font-smoothing: antialiased !important; filter: none !important;\">\u00a0<\/p><p style=\"margin-bottom: 18px; text-rendering: optimizeLegibility; -webkit-font-smoothing: antialiased !important; filter: none !important;\"><br style=\"text-rendering: optimizeLegibility; -webkit-font-smoothing: antialiased !important; filter: none !important;\" \/><br style=\"text-rendering: optimizeLegibility; -webkit-font-smoothing: antialiased !important; filter: none !important;\" \/><br style=\"text-rendering: optimizeLegibility; -webkit-font-smoothing: antialiased !important; filter: none !important;\" \/><\/p><p style=\"margin-bottom: 18px; text-rendering: optimizeLegibility; -webkit-font-smoothing: antialiased !important; filter: none !important;\">\u00a0<\/p><p style=\"margin-bottom: 18px; text-rendering: optimizeLegibility; -webkit-font-smoothing: antialiased !important; filter: none !important;\"><br style=\"text-rendering: optimizeLegibility; -webkit-font-smoothing: antialiased !important; filter: none !important;\" \/><br style=\"text-rendering: optimizeLegibility; -webkit-font-smoothing: antialiased !important; filter: none !important;\" \/><br style=\"text-rendering: optimizeLegibility; -webkit-font-smoothing: antialiased !important; filter: none !important;\" \/><br style=\"text-rendering: optimizeLegibility; -webkit-font-smoothing: antialiased !important; filter: none !important;\" \/><br style=\"text-rendering: optimizeLegibility; -webkit-font-smoothing: antialiased !important; filter: none !important;\" \/><br style=\"text-rendering: optimizeLegibility; -webkit-font-smoothing: antialiased !important; filter: none !important;\" \/><\/p><p style=\"margin-bottom: 18px; text-rendering: optimizeLegibility; -webkit-font-smoothing: antialiased !important; filter: none !important;\">\u00a0<\/p><p style=\"margin-bottom: 18px; text-rendering: optimizeLegibility; -webkit-font-smoothing: antialiased !important; filter: none !important;\">\u00a0<\/p><p style=\"margin-bottom: 18px; text-rendering: optimizeLegibility; -webkit-font-smoothing: antialiased !important; filter: none !important;\">\u00a0<\/p><\/div><\/li><\/ul><\/div><div class=\"ui--divider ui--animation clearfix ui--divider-solid-line\" style=\"text-rendering: optimizeLegibility; margin-bottom: 18px; min-width: 100px; height: 1px; color: #333333; font-family: Helvetica, Arial, sans-serif; font-size: 14px; font-style: normal; font-variant-ligatures: normal; font-variant-caps: normal; font-weight: 400; -webkit-font-smoothing: antialiased !important; filter: none !important; background-color: #ebebeb !important; border-color: #ebebeb !important;\">\u00a0<\/div><div class=\"auto-format ui--animation\" style=\"text-rendering: optimizeLegibility; color: #333333; font-family: Helvetica, Arial, sans-serif; font-size: 14px; font-style: normal; font-variant-ligatures: normal; font-variant-caps: normal; font-weight: 400; -webkit-font-smoothing: antialiased !important; filter: none !important;\"><h3 style=\"margin-top: 10px; margin-bottom: 18px; font-family: Roboto; line-height: 24px; text-rendering: optimizeLegibility; font-size: 20px; -webkit-font-smoothing: antialiased !important; filter: none !important;\"><strong style=\"text-rendering: optimizeLegibility; -webkit-font-smoothing: antialiased !important; filter: none !important;\">Urheberrechtshinweis<\/strong><\/h3><p style=\"margin-bottom: 18px; text-rendering: optimizeLegibility; -webkit-font-smoothing: antialiased !important; filter: none !important;\">Alle Rechte vorbehalten, Freiwillige Feuerwehr Dreieich-Buchschlag, 63303 Dreieich.<\/p><p style=\"margin-bottom: 18px; text-rendering: optimizeLegibility; -webkit-font-smoothing: antialiased !important; filter: none !important;\">Diese Dokumente\/Internetseiten einschlie\u00dflich aller ihrer Teile sind urheberrechtlich gesch\u00fctzt. Sie d\u00fcrfen nur zum privaten und nichtgewerblichen Gebrauch zum Zweck der Information kopiert und ausgedruckt werden, wenn sie den Urheberrechts- und Copyright-Hinweis enthalten. Die Freiwillige Feuerwehr Dreieich-Buchschlag beh\u00e4lt sich das Recht vor, diese Erlaubnis jederzeit zu widerrufen. Ohne vorherige schriftliche Genehmigung der Freiwilligen Feuerwehr Dreieich-Buchschlag d\u00fcrfen diese Dokumente\/Internetseiten nicht vervielf\u00e4ltigt, archiviert, auf einem anderen Server gespeichert, in Newsgruppen einbezogen, in Online-Diensten benutzt oder auf einer CD-ROM oder anderen Datentr\u00e4gern gespeichert werden. Sie d\u00fcrfen jedoch in einen Cache oder einen Proxy-Server zur Optimierung der Zugriffsgeschwindigkeit kopiert werden.<\/p><p style=\"margin-bottom: 18px; text-rendering: optimizeLegibility; -webkit-font-smoothing: antialiased !important; filter: none !important;\"><a style=\"color: #d8251d; text-rendering: optimizeLegibility; transition-duration: 0.2s; transition-timing-function: ease-in-out; -webkit-font-smoothing: antialiased !important; filter: none !important;\" href=\"http:\/\/www.feuerwehren-eschborn.org\/wp-content\/uploads\/2015\/08\/urheberrechtsgesetz-01.pdf\">Download UrhG als PDF<\/a><\/p><\/div><div class=\"ui--divider ui--animation clearfix ui--divider-solid-line\" style=\"text-rendering: optimizeLegibility; margin-bottom: 18px; min-width: 100px; height: 1px; color: #333333; font-family: Helvetica, Arial, sans-serif; font-size: 14px; font-style: normal; font-variant-ligatures: normal; font-variant-caps: normal; font-weight: 400; -webkit-font-smoothing: antialiased !important; filter: none !important; background-color: #ebebeb !important; border-color: #ebebeb !important;\">\u00a0<\/div><div class=\"auto-format ui--animation\" style=\"text-rendering: optimizeLegibility; color: #333333; font-family: Helvetica, Arial, sans-serif; font-size: 14px; font-style: normal; font-variant-ligatures: normal; font-variant-caps: normal; font-weight: 400; -webkit-font-smoothing: antialiased !important; filter: none !important;\"><h3 style=\"margin-top: 10px; margin-bottom: 18px; font-family: Roboto; line-height: 24px; text-rendering: optimizeLegibility; font-size: 20px; -webkit-font-smoothing: antialiased !important; filter: none !important;\"><strong style=\"text-rendering: optimizeLegibility; -webkit-font-smoothing: antialiased !important; filter: none !important;\">Rechtliche Hinweise:<\/strong><\/h3><p style=\"margin-bottom: 18px; text-rendering: optimizeLegibility; -webkit-font-smoothing: antialiased !important; filter: none !important;\"><strong style=\"text-rendering: optimizeLegibility; -webkit-font-smoothing: antialiased !important; filter: none !important;\">1. Inhalt des Onlineangebotes<\/strong><\/p><p style=\"margin-bottom: 18px; text-rendering: optimizeLegibility; -webkit-font-smoothing: antialiased !important; filter: none !important;\">Der Autor \u00fcbernimmt keinerlei Gew\u00e4hr f\u00fcr die Aktualit\u00e4t, Korrektheit, Vollst\u00e4ndigkeit oder Qualit\u00e4t der bereitgestellten Informationen. Haftungsanspr\u00fcche gegen den Autor, welche sich auf Sch\u00e4den materieller oder ideeller Art beziehen, die durch die Nutzung oder Nichtnutzung der dargebotenen Informationen bzw. durch die Nutzung fehlerhafter und unvollst\u00e4ndiger Informationen verursacht wurden sind grunds\u00e4tzlich ausgeschlossen, sofern seitens des Autors kein nachweislich vors\u00e4tzliches oder grob fahrl\u00e4ssiges Verschulden vorliegt. Alle Angebote sind freibleibend und unverbindlich. Der Autor beh\u00e4lt es sich ausdr\u00fccklich vor, Teile der Seiten oder das gesamte Angebot ohne gesonderte Ank\u00fcndigung zu ver\u00e4ndern, zu erg\u00e4nzen, zu l\u00f6schen oder die Ver\u00f6ffentlichung zeitweise oder endg\u00fcltig einzustellen.<\/p><p style=\"margin-bottom: 18px; text-rendering: optimizeLegibility; -webkit-font-smoothing: antialiased !important; filter: none !important;\"><strong style=\"text-rendering: optimizeLegibility; -webkit-font-smoothing: antialiased !important; filter: none !important;\">2. Verweise und Links<\/strong><\/p><p style=\"margin-bottom: 18px; text-rendering: optimizeLegibility; -webkit-font-smoothing: antialiased !important; filter: none !important;\">Bei direkten oder indirekten Verweisen auf fremde Internetseiten (\u201cLinks\u201d), die au\u00dferhalb des Verantwortungsbereiches des Autors liegen, w\u00fcrde eine Haftungsverpflichtung ausschlie\u00dflich in dem Fall in Kraft treten, in dem der Autor von den Inhalten Kenntnis hat und es ihm technisch m\u00f6glich und zumutbar w\u00e4re, die Nutzung im Falle rechtswidriger Inhalte zu verhindern. Der Autor erkl\u00e4rt daher ausdr\u00fccklich, dass zum Zeitpunkt der Linksetzung die entsprechenden verlinkten Seiten frei von illegalen Inhalten waren. Der Autor hat keinerlei Einfluss auf die aktuelle und zuk\u00fcnftige Gestaltung und auf die Inhalte der gelinkten\/verkn\u00fcpften Seiten. Deshalb distanziert er sich hiermit ausdr\u00fccklich von allen Inhalten aller gelinkten \/verkn\u00fcpften Seiten, die nach der Linksetzung ver\u00e4ndert wurden. Diese Feststellung gilt f\u00fcr alle innerhalb des eigenen Internetangebotes gesetzten Links und Verweise sowie f\u00fcr Fremdeintr\u00e4ge in vom Autor eingerichteten G\u00e4steb\u00fcchern, Diskussionsforen und Mailinglisten. F\u00fcr illegale, fehlerhafte oder unvollst\u00e4ndige Inhalte und insbesondere f\u00fcr Sch\u00e4den, die aus der Nutzung oder Nichtnutzung solcherart dargebotener Informationen entstehen, haftet allein der Anbieter der Seite, auf welche verwiesen wurde, nicht derjenige, der \u00fcber Links auf die jeweilige Ver\u00f6ffentlichung lediglich verweist.<\/p><p style=\"margin-bottom: 18px; text-rendering: optimizeLegibility; -webkit-font-smoothing: antialiased !important; filter: none !important;\"><strong style=\"text-rendering: optimizeLegibility; -webkit-font-smoothing: antialiased !important; filter: none !important;\">3. Urheber- und Kennzeichenrecht<\/strong><\/p><p style=\"margin-bottom: 18px; text-rendering: optimizeLegibility; -webkit-font-smoothing: antialiased !important; filter: none !important;\">Der Autor ist bestrebt, in allen Publikationen die Urheberrechte der verwendeten Grafiken, Tondokumente, Videosequenzen und Texte zu beachten, von ihm selbst erstellte Grafiken, Tondokumente, Videosequenzen und Texte zu nutzen oder auf lizenzfreie Grafiken, Tondokumente, Videosequenzen und Texte zur\u00fcckzugreifen. Alle innerhalb des Internetangebotes genannten und ggf. durch Dritte gesch\u00fctzten Marken- und Warenzeichen unterliegen uneingeschr\u00e4nkt den Bestimmungen des jeweils g\u00fcltigen Kennzeichenrechts und den Besitzrechten der jeweiligen eingetragenen Eigent\u00fcmer. Allein aufgrund der blo\u00dfen Nennung ist nicht der Schlu\u00df zu ziehen, dass Markenzeichen nicht durch Rechte Dritter gesch\u00fctzt sind! Das Copyright f\u00fcr ver\u00f6ffentlichte, vom Autor selbst erstellte Objekte bleibt allein beim Autor der Seiten. Eine Vervielf\u00e4ltigung oder Verwendung solcher Grafiken, Tondokumente, Videosequenzen und Texte in anderen elektronischen oder gedruckten Publikationen ist ohne ausdr\u00fcckliche Zustimmung des Autors nichtgestattet.<\/p><p style=\"margin-bottom: 18px; text-rendering: optimizeLegibility; -webkit-font-smoothing: antialiased !important; filter: none !important;\"><strong style=\"text-rendering: optimizeLegibility; -webkit-font-smoothing: antialiased !important; filter: none !important;\">4. Rechtswirksamkeit dieses Haftungsausschlusses<\/strong><\/p><p style=\"margin-bottom: 18px; text-rendering: optimizeLegibility; -webkit-font-smoothing: antialiased !important; filter: none !important;\">Dieser Haftungsausschluss ist als Teil des Internetangebotes zu betrachten, von dem aus auf diese Seite verwiesen wurde. Sofern Teile oder einzelne Formulierungen dieses Textes der geltenden Rechtslage nicht, nicht mehr oder nicht vollst\u00e4ndig entsprechen sollten, bleiben die \u00fcbrigen Teile des Dokumentes in ihrem Inhalt und ihrer G\u00fcltigkeit davon unber\u00fchrt.<\/p><\/div><div class=\"ui--tabs ui--tabs-mini ui--tabs-mini-horizontal clearfix text-left ui--done\" style=\"text-rendering: optimizeLegibility; position: relative; margin-bottom: 30px; -webkit-font-smoothing: antialiased !important; filter: none !important;\"><ul class=\"ui--tabs-contents text-left clearfix\" style=\"margin-top: 30px; margin-bottom: 0px; margin-left: 0px; text-rendering: optimizeLegibility; list-style: none none; position: relative; z-index: 1; -webkit-font-smoothing: antialiased !important; filter: none !important;\"><li class=\"first-item active\" style=\"line-height: 20px; text-rendering: optimizeLegibility; -webkit-font-smoothing: antialiased !important; filter: none !important;\"><div class=\"auto-format ui--animation\" style=\"text-rendering: optimizeLegibility; -webkit-font-smoothing: antialiased !important; filter: none !important;\">\u00a0<\/div><\/li><\/ul><\/div><div class=\"auto-format ui--animation\" style=\"text-rendering: optimizeLegibility; color: #333333; font-family: Helvetica, Arial, sans-serif; font-size: 14px; font-style: normal; font-variant-ligatures: normal; font-variant-caps: normal; font-weight: 400; -webkit-font-smoothing: antialiased !important; filter: none !important;\">\u00a0<\/div>\t\t\t\t\t\t\t\t<\/div>\n\t\t\t\t<\/div>\n\t\t\t\t\t<\/div>\n\t\t<\/div>\n\t\t\t\t\t<\/div>\n\t\t<\/section>\n\t\t\t\t<\/div>\n\t\t","protected":false},"excerpt":{"rendered":"<p>Impressum f\u00fcr den Bereich B\u00fcrgerinfo Inhaltlich Verantwortlicher:Freiwillige Feuerwehr Dreieich-Buchschlag Anschrift:Buchweg 663303 Dreieich Telefon:\u00a00049 6103 602478 Vertretungsberechtigter:Bernd Brunsch (Vereinsvorsitzender) Anbieterkennzeichnung nach dem Staatsvertrag \u00fcber Mediendienste (Mediendienste-Staatsvertrag \u2013 MStDV) Inhaltlich Verantwortlicher gem\u00e4\u00df \u00a7 6 MDStV :Markus Goll (Stellv. Wehrf\u00fchrer), Franziska Mogwitz (Webmaster) Haftungshinweis:\u00a0Trotz sorgf\u00e4ltiger inhaltlicher Kontrolle \u00fcbernehmen wir keine Haftung f\u00fcr die Inhalte externer Links. F\u00fcr den [&hellip;]<\/p>\n","protected":false},"author":2,"featured_media":0,"parent":0,"menu_order":0,"comment_status":"closed","ping_status":"closed","template":"","meta":{"ocean_post_layout":"full-screen","ocean_both_sidebars_style":"","ocean_both_sidebars_content_width":0,"ocean_both_sidebars_sidebars_width":0,"ocean_sidebar":"0","ocean_second_sidebar":"0","ocean_disable_margins":"enable","ocean_add_body_class":"","ocean_shortcode_before_top_bar":"","ocean_shortcode_after_top_bar":"","ocean_shortcode_before_header":"","ocean_shortcode_after_header":"","ocean_has_shortcode":"","ocean_shortcode_after_title":"","ocean_shortcode_before_footer_widgets":"","ocean_shortcode_after_footer_widgets":"","ocean_shortcode_before_footer_bottom":"","ocean_shortcode_after_footer_bottom":"","ocean_display_top_bar":"default","ocean_display_header":"default","ocean_header_style":"","ocean_center_header_left_menu":"0","ocean_custom_header_template":"0","ocean_custom_logo":0,"ocean_custom_retina_logo":0,"ocean_custom_logo_max_width":0,"ocean_custom_logo_tablet_max_width":0,"ocean_custom_logo_mobile_max_width":0,"ocean_custom_logo_max_height":0,"ocean_custom_logo_tablet_max_height":0,"ocean_custom_logo_mobile_max_height":0,"ocean_header_custom_menu":"0","ocean_menu_typo_font_family":"0","ocean_menu_typo_font_subset":"","ocean_menu_typo_font_size":0,"ocean_menu_typo_font_size_tablet":0,"ocean_menu_typo_font_size_mobile":0,"ocean_menu_typo_font_size_unit":"px","ocean_menu_typo_font_weight":"","ocean_menu_typo_font_weight_tablet":"","ocean_menu_typo_font_weight_mobile":"","ocean_menu_typo_transform":"","ocean_menu_typo_transform_tablet":"","ocean_menu_typo_transform_mobile":"","ocean_menu_typo_line_height":0,"ocean_menu_typo_line_height_tablet":0,"ocean_menu_typo_line_height_mobile":0,"ocean_menu_typo_line_height_unit":"","ocean_menu_typo_spacing":0,"ocean_menu_typo_spacing_tablet":0,"ocean_menu_typo_spacing_mobile":0,"ocean_menu_typo_spacing_unit":"","ocean_menu_link_color":"","ocean_menu_link_color_hover":"","ocean_menu_link_color_active":"","ocean_menu_link_background":"","ocean_menu_link_hover_background":"","ocean_menu_link_active_background":"","ocean_menu_social_links_bg":"","ocean_menu_social_hover_links_bg":"","ocean_menu_social_links_color":"","ocean_menu_social_hover_links_color":"","ocean_disable_title":"on","ocean_disable_heading":"default","ocean_post_title":"","ocean_post_subheading":"","ocean_post_title_style":"","ocean_post_title_background_color":"","ocean_post_title_background":0,"ocean_post_title_bg_image_position":"","ocean_post_title_bg_image_attachment":"","ocean_post_title_bg_image_repeat":"","ocean_post_title_bg_image_size":"","ocean_post_title_height":0,"ocean_post_title_bg_overlay":0.5,"ocean_post_title_bg_overlay_color":"","ocean_disable_breadcrumbs":"default","ocean_breadcrumbs_color":"","ocean_breadcrumbs_separator_color":"","ocean_breadcrumbs_links_color":"","ocean_breadcrumbs_links_hover_color":"","ocean_display_footer_widgets":"default","ocean_display_footer_bottom":"default","ocean_custom_footer_template":"0","footnotes":""},"class_list":["post-687","page","type-page","status-publish","hentry","entry"],"_links":{"self":[{"href":"https:\/\/www.feuerwehr-buchschlag.de\/index.php?rest_route=\/wp\/v2\/pages\/687","targetHints":{"allow":["GET"]}}],"collection":[{"href":"https:\/\/www.feuerwehr-buchschlag.de\/index.php?rest_route=\/wp\/v2\/pages"}],"about":[{"href":"https:\/\/www.feuerwehr-buchschlag.de\/index.php?rest_route=\/wp\/v2\/types\/page"}],"author":[{"embeddable":true,"href":"https:\/\/www.feuerwehr-buchschlag.de\/index.php?rest_route=\/wp\/v2\/users\/2"}],"replies":[{"embeddable":true,"href":"https:\/\/www.feuerwehr-buchschlag.de\/index.php?rest_route=%2Fwp%2Fv2%2Fcomments&post=687"}],"version-history":[{"count":8,"href":"https:\/\/www.feuerwehr-buchschlag.de\/index.php?rest_route=\/wp\/v2\/pages\/687\/revisions"}],"predecessor-version":[{"id":1489,"href":"https:\/\/www.feuerwehr-buchschlag.de\/index.php?rest_route=\/wp\/v2\/pages\/687\/revisions\/1489"}],"wp:attachment":[{"href":"https:\/\/www.feuerwehr-buchschlag.de\/index.php?rest_route=%2Fwp%2Fv2%2Fmedia&parent=687"}],"curies":[{"name":"wp","href":"https:\/\/api.w.org\/{rel}","templated":true}]}}